{"id":49,"date":"2019-03-12T17:00:54","date_gmt":"2019-03-12T17:00:54","guid":{"rendered":"http:\/\/192.168.1.25\/?page_id=49"},"modified":"2026-03-05T08:16:45","modified_gmt":"2026-03-05T08:16:45","slug":"zostan-opiekunem","status":"publish","type":"page","link":"https:\/\/fundacjaosiecznica.eu\/?page_id=49","title":{"rendered":"Zg\u0142oszenia potrzeby opieki"},"content":{"rendered":"\t\t<div data-elementor-type=\"wp-post\" data-elementor-id=\"49\" class=\"elementor elementor-49\">\n\t\t\t\t<div class=\"elementor-element elementor-element-ca67dcb e-con-full e-flex e-con e-parent\" data-id=\"ca67dcb\" data-element_type=\"container\" data-e-type=\"container\">\n\t\t<div class=\"elementor-element elementor-element-f2ef06c e-con-full e-flex e-con e-child\" data-id=\"f2ef06c\" data-element_type=\"container\" data-e-type=\"container\">\n\t\t\t\t<div class=\"elementor-element elementor-element-1e20cc4 elementor-widget elementor-widget-text-editor\" data-id=\"1e20cc4\" data-element_type=\"widget\" data-e-type=\"widget\" data-widget_type=\"text-editor.default\">\n\t\t\t\t\t\t\t\t\t<p><span style=\"color: #000000;\">Fundacja wznowi\u0142a dzia\u0142alno\u015b\u0107 i przyjmuje zg\u0142oszenia od os\u00f3b zainteresowanych zleceniem opieki socjalnej na terenie gminy Osiecznica.<\/span><\/p>\n<p style=\"text-align: center;\"><span style=\"color: #000000;\"> Us\u0142ugi opieku\u0144cze s\u0105 p\u0142atne.<\/span><\/p>\n<p><span style=\"color: #000000;\">Zg\u0142oszenia prosimy kierowa\u0107 na <a href=\"mailto:wlb826575@gmail.com\">adres poczty elektronicznej<\/a> dost\u0119pny na stronie Fundacji, dodatkowo Fundacja za\u0142atwia sprawy w imieniu podopiecznego w sytuacji braku jego mobilno\u015bci lub choroby.<\/span><\/p>\n<p><span style=\"color: #000000;\">Fundacja przyjmuje zlecenia na opiek\u0119 potrzebuj\u0105cych tak\u017ce na godziny w ustalonym terminie i czasie.&nbsp;<\/span><\/p>\n<p><span style=\"color: #000000;\">Us\u0142uga jest prowadzona na terenie gminy <strong>Osiecznica<\/strong> oraz <strong>Boles\u0142awiec<\/strong>.<\/span><\/p>\n<p><span style=\"color: #000000;\"><em>Aktualizacja; 04.03.2026<\/em><\/span><\/p>\t\t\t\t\t\t\t\t<\/div>\n\t\t\t\t<\/div>\n\t\t\t\t<\/div>\n\t\t\t\t<\/div>\n\t\t ","protected":false},"excerpt":{"rendered":"<p>\t\t\t\t<![CDATA[]]>\t\t<\/p>\n","protected":false},"author":2,"featured_media":0,"parent":0,"menu_order":0,"comment_status":"closed","ping_status":"closed","template":"elementor_theme","meta":{"footnotes":""},"class_list":["post-49","page","type-page","status-publish","hentry"],"_links":{"self":[{"href":"https:\/\/fundacjaosiecznica.eu\/index.php?rest_route=\/wp\/v2\/pages\/49","targetHints":{"allow":["GET"]}}],"collection":[{"href":"https:\/\/fundacjaosiecznica.eu\/index.php?rest_route=\/wp\/v2\/pages"}],"about":[{"href":"https:\/\/fundacjaosiecznica.eu\/index.php?rest_route=\/wp\/v2\/types\/page"}],"author":[{"embeddable":true,"href":"https:\/\/fundacjaosiecznica.eu\/index.php?rest_route=\/wp\/v2\/users\/2"}],"replies":[{"embeddable":true,"href":"https:\/\/fundacjaosiecznica.eu\/index.php?rest_route=%2Fwp%2Fv2%2Fcomments&post=49"}],"version-history":[{"count":175,"href":"https:\/\/fundacjaosiecznica.eu\/index.php?rest_route=\/wp\/v2\/pages\/49\/revisions"}],"predecessor-version":[{"id":1408,"href":"https:\/\/fundacjaosiecznica.eu\/index.php?rest_route=\/wp\/v2\/pages\/49\/revisions\/1408"}],"wp:attachment":[{"href":"https:\/\/fundacjaosiecznica.eu\/index.php?rest_route=%2Fwp%2Fv2%2Fmedia&parent=49"}],"curies":[{"name":"wp","href":"https:\/\/api.w.org\/{rel}","templated":true}]}}