{"id":32,"date":"2019-03-17T15:43:05","date_gmt":"2019-03-17T15:43:05","guid":{"rendered":"http:\/\/192.168.1.25\/?page_id=32"},"modified":"2025-06-15T08:56:36","modified_gmt":"2025-06-15T08:56:36","slug":"statut-fundacji","status":"publish","type":"page","link":"https:\/\/fundacjaosiecznica.eu\/?page_id=32","title":{"rendered":"Cele Fundacji"},"content":{"rendered":"\t\t<div data-elementor-type=\"wp-post\" data-elementor-id=\"32\" class=\"elementor elementor-32\">\n\t\t\t\t<div class=\"elementor-element elementor-element-4e1138d e-flex e-con-boxed e-con e-parent\" data-id=\"4e1138d\" data-element_type=\"container\" data-e-type=\"container\">\n\t\t\t\t\t<div class=\"e-con-inner\">\n\t\t\t\t<div class=\"elementor-element elementor-element-ac0ed21 elementor-widget elementor-widget-text-editor\" data-id=\"ac0ed21\" data-element_type=\"widget\" data-e-type=\"widget\" data-widget_type=\"text-editor.default\">\n\t\t\t\t\t\t\t\t\t<p><span style=\"color: #000000;\">Celami statutowym Fundacji <em>\u201cLudzie Pomagaj\u0105 Ludziom\u201d<\/em> jest:<\/span><\/p><ol><li><span style=\"color: #000000;\">Krzewienie wiedzy oraz wzbudzanie aktywno\u015bci spo\u0142ecznej ludzi w wieku poprodukcyjnym, poprzez tworzenie grup mentorskich w spo\u0142ecze\u0144stwie lokalnym.<\/span><\/li><li><span style=\"color: #000000;\">Propagowanie wiedzy i szkolenia oraz aktywna ochrona \u015brodowiska, Odnawialnych \u0179r\u00f3de\u0142 Energii [OZE] oraz pomoc w aplikowaniu projekt\u00f3w\u00a0 oraz pog\u0142\u0119bianie \u015bwiadomo\u015bci i wra\u017cliwo\u015bci spo\u0142ecznej na ekologi\u0119\u00a0<\/span><span style=\"color: #000000;\">i ochron\u0119 przyrody.<\/span><\/li><li><span style=\"color: #000000;\">Pomoc \u015brodowiskow\u0105 ludziom wykluczonym lub s\u0142abo radz\u0105cym sobie w \u017cyciu codziennym.<\/span><\/li><li><span style=\"color: #000000;\">Pobudzenie aktywno\u015bci i wra\u017cliwo\u015bci poprzez opiek\u0119 nad zwierz\u0119tami i ich adopcj\u0119.<\/span><\/li><\/ol>\t\t\t\t\t\t\t\t<\/div>\n\t\t\t\t\t<\/div>\n\t\t\t\t<\/div>\n\t\t<div class=\"elementor-element elementor-element-f996c03 e-flex e-con-boxed e-con e-parent\" data-id=\"f996c03\" data-element_type=\"container\" data-e-type=\"container\">\n\t\t\t\t\t<div class=\"e-con-inner\">\n\t\t\t\t<div class=\"elementor-element elementor-element-773c862 elementor-widget elementor-widget-text-editor\" data-id=\"773c862\" data-element_type=\"widget\" data-e-type=\"widget\" data-widget_type=\"text-editor.default\">\n\t\t\t\t\t\t\t\t\t<p><span style=\"color: #000000;\">Powy\u017csze cele Fundacja b\u0119dzie realizowa\u0107 poprzez tworzenie grup aktywnego dzia\u0142ania na rzecz lokalnego \u015brodowiska przez wsp\u00f3\u0142mieszka\u0144c\u00f3w i wsp\u00f3\u0142prac\u0119 z mieszka\u0144cami du\u017cych miast maj\u0105cych odpowiednia wiedz\u0119 i do\u015bwiadczenie, poradnictwo oraz integracj\u0119 wok\u00f3\u0142 spraw wymagaj\u0105cych grupowego dzia\u0142ania.<\/span><\/p><p><span style=\"color: #000000;\">Fundacja aby realizowa\u0107 cele statutowe b\u0119dzie wsp\u00f3\u0142pracowa\u0107 ze wszystkimi instytucjami kt\u00f3re mog\u0105 by\u0107 pomocne w realizacji zamierze\u0144 Fundacji i na to bardzo liczy, bo aktywno\u015b\u0107 spo\u0142eczna w naszym kraju, szczeg\u00f3lnie w ma\u0142ych \u015brodowiskach, pozostawia wiele do \u017cyczenia. Dzia\u0142ania\u00a0 lokalne\u00a0 na rzecz spo\u0142eczno\u015bci w kt\u00f3rej \u017cyjemy, szczeg\u00f3lnie w czasach pandemii kt\u00f3ra bardzo skomplikowa\u0142a nasze \u017cycie, jest szczeg\u00f3lnie cenna i po\u017c\u0105dana.<\/span><\/p>\t\t\t\t\t\t\t\t<\/div>\n\t\t\t\t\t<\/div>\n\t\t\t\t<\/div>\n\t\t\t\t<\/div>\n\t\t ","protected":false},"excerpt":{"rendered":"<p>\t\t\t\t<![CDATA[]]>\t\t<\/p>\n","protected":false},"author":2,"featured_media":0,"parent":410,"menu_order":0,"comment_status":"closed","ping_status":"closed","template":"elementor_theme","meta":{"footnotes":""},"class_list":["post-32","page","type-page","status-publish","hentry"],"_links":{"self":[{"href":"https:\/\/fundacjaosiecznica.eu\/index.php?rest_route=\/wp\/v2\/pages\/32","targetHints":{"allow":["GET"]}}],"collection":[{"href":"https:\/\/fundacjaosiecznica.eu\/index.php?rest_route=\/wp\/v2\/pages"}],"about":[{"href":"https:\/\/fundacjaosiecznica.eu\/index.php?rest_route=\/wp\/v2\/types\/page"}],"author":[{"embeddable":true,"href":"https:\/\/fundacjaosiecznica.eu\/index.php?rest_route=\/wp\/v2\/users\/2"}],"replies":[{"embeddable":true,"href":"https:\/\/fundacjaosiecznica.eu\/index.php?rest_route=%2Fwp%2Fv2%2Fcomments&post=32"}],"version-history":[{"count":50,"href":"https:\/\/fundacjaosiecznica.eu\/index.php?rest_route=\/wp\/v2\/pages\/32\/revisions"}],"predecessor-version":[{"id":1346,"href":"https:\/\/fundacjaosiecznica.eu\/index.php?rest_route=\/wp\/v2\/pages\/32\/revisions\/1346"}],"up":[{"embeddable":true,"href":"https:\/\/fundacjaosiecznica.eu\/index.php?rest_route=\/wp\/v2\/pages\/410"}],"wp:attachment":[{"href":"https:\/\/fundacjaosiecznica.eu\/index.php?rest_route=%2Fwp%2Fv2%2Fmedia&parent=32"}],"curies":[{"name":"wp","href":"https:\/\/api.w.org\/{rel}","templated":true}]}}